{"id":10,"date":"2022-08-20T17:21:13","date_gmt":"2022-08-20T21:21:13","guid":{"rendered":"https:\/\/www.capric.cl\/?page_id=10"},"modified":"2022-08-28T17:36:42","modified_gmt":"2022-08-28T21:36:42","slug":"sobre-nosotros","status":"publish","type":"page","link":"https:\/\/www.capric.cl\/en\/sobre-nosotros\/","title":{"rendered":"Sobre nosotros"},"content":{"rendered":"<div data-elementor-type=\"wp-page\" data-elementor-id=\"10\" class=\"elementor elementor-10\" data-elementor-post-type=\"page\">\n\t\t\t\t\t\t<section class=\"elementor-section elementor-top-section elementor-element elementor-element-7be46d6 elementor-section-boxed elementor-section-height-default elementor-section-height-default\" data-id=\"7be46d6\" data-element_type=\"section\" data-e-type=\"section\">\n\t\t\t\t\t\t<div class=\"elementor-container elementor-column-gap-default\">\n\t\t\t\t\t<div class=\"elementor-column elementor-col-100 elementor-top-column elementor-element elementor-element-8f3ddd7\" data-id=\"8f3ddd7\" data-element_type=\"column\" data-e-type=\"column\">\n\t\t\t<div class=\"elementor-widget-wrap elementor-element-populated\">\n\t\t\t\t\t\t<div class=\"elementor-element elementor-element-53d00be elementor-widget elementor-widget-spacer\" data-id=\"53d00be\" data-element_type=\"widget\" data-e-type=\"widget\" data-widget_type=\"spacer.default\">\n\t\t\t\t<div class=\"elementor-widget-container\">\n\t\t\t\t\t\t\t<div class=\"elementor-spacer\">\n\t\t\t<div class=\"elementor-spacer-inner\"><\/div>\n\t\t<\/div>\n\t\t\t\t\t\t<\/div>\n\t\t\t\t<\/div>\n\t\t\t\t\t<\/div>\n\t\t<\/div>\n\t\t\t\t\t<\/div>\n\t\t<\/section>\n\t\t\t\t<section class=\"elementor-section elementor-top-section elementor-element elementor-element-7a7842bb elementor-reverse-mobile elementor-section-boxed elementor-section-height-default elementor-section-height-default\" data-id=\"7a7842bb\" data-element_type=\"section\" data-e-type=\"section\">\n\t\t\t\t\t\t<div class=\"elementor-container elementor-column-gap-default\">\n\t\t\t\t\t<div class=\"elementor-column elementor-col-50 elementor-top-column elementor-element elementor-element-7fb40330\" data-id=\"7fb40330\" data-element_type=\"column\" data-e-type=\"column\">\n\t\t\t<div class=\"elementor-widget-wrap elementor-element-populated\">\n\t\t\t\t\t\t<div class=\"elementor-element elementor-element-37fcc65 elementor-widget elementor-widget-image\" data-id=\"37fcc65\" data-element_type=\"widget\" data-e-type=\"widget\" data-widget_type=\"image.default\">\n\t\t\t\t<div class=\"elementor-widget-container\">\n\t\t\t\t\t\t\t\t\t\t\t\t\t\t\t<img fetchpriority=\"high\" decoding=\"async\" width=\"700\" height=\"687\" src=\"https:\/\/www.capric.cl\/wp-content\/uploads\/2022\/08\/acercade.jpg\" class=\"attachment-full size-full wp-image-29\" alt=\"Acerca de\" srcset=\"https:\/\/www.capric.cl\/wp-content\/uploads\/2022\/08\/acercade.jpg 700w, https:\/\/www.capric.cl\/wp-content\/uploads\/2022\/08\/acercade-300x294.jpg 300w\" sizes=\"(max-width: 700px) 100vw, 700px\" \/>\t\t\t\t\t\t\t\t\t\t\t\t\t\t\t<\/div>\n\t\t\t\t<\/div>\n\t\t\t\t\t<\/div>\n\t\t<\/div>\n\t\t\t\t<div class=\"elementor-column elementor-col-50 elementor-top-column elementor-element elementor-element-66d381f6\" data-id=\"66d381f6\" data-element_type=\"column\" data-e-type=\"column\" data-settings=\"{&quot;background_background&quot;:&quot;classic&quot;}\">\n\t\t\t<div class=\"elementor-widget-wrap elementor-element-populated\">\n\t\t\t\t\t\t<div class=\"elementor-element elementor-element-6f64a34b elementor-widget elementor-widget-heading\" data-id=\"6f64a34b\" data-element_type=\"widget\" data-e-type=\"widget\" data-widget_type=\"heading.default\">\n\t\t\t\t<div class=\"elementor-widget-container\">\n\t\t\t\t\t<h3 class=\"elementor-heading-title elementor-size-default\">C a p r i c o r n i o&nbsp;   S p A<\/h3>\t\t\t\t<\/div>\n\t\t\t\t<\/div>\n\t\t\t\t<div class=\"elementor-element elementor-element-1683e260 elementor-widget elementor-widget-heading\" data-id=\"1683e260\" data-element_type=\"widget\" data-e-type=\"widget\" data-widget_type=\"heading.default\">\n\t\t\t\t<div class=\"elementor-widget-container\">\n\t\t\t\t\t<h1 class=\"elementor-heading-title elementor-size-default\">ABOUT US<\/h1>\t\t\t\t<\/div>\n\t\t\t\t<\/div>\n\t\t\t\t<div class=\"elementor-element elementor-element-3653377b elementor-widget-divider--view-line elementor-widget elementor-widget-divider\" data-id=\"3653377b\" data-element_type=\"widget\" data-e-type=\"widget\" data-widget_type=\"divider.default\">\n\t\t\t\t<div class=\"elementor-widget-container\">\n\t\t\t\t\t\t\t<div class=\"elementor-divider\">\n\t\t\t<span class=\"elementor-divider-separator\">\n\t\t\t\t\t\t<\/span>\n\t\t<\/div>\n\t\t\t\t\t\t<\/div>\n\t\t\t\t<\/div>\n\t\t\t\t<div class=\"elementor-element elementor-element-3e28b5b2 elementor-widget elementor-widget-text-editor\" data-id=\"3e28b5b2\" data-element_type=\"widget\" data-e-type=\"widget\" data-widget_type=\"text-editor.default\">\n\t\t\t\t<div class=\"elementor-widget-container\">\n\t\t\t\t\t\t\t\t\t<p>Consulting company focused on the identification, development and implementation of <strong>corporate strategies to improve the competitiveness<\/strong> of your business with a focus on energy sustainability.<\/p><p><br \/>We complement your capabilities by providing key information for decision making in new or improved investment projects, products, services, processes and business lines through:<\/p><ul><li><p>Strategic environmental consulting.\u00a0<\/p><\/li><\/ul><ul><li><p>Projects, innovation and capabilities management.<\/p><\/li><\/ul><ul><li><p>Mercados, ecosistemas empresariales y negocios.<\/p><\/li><\/ul>\t\t\t\t\t\t\t\t<\/div>\n\t\t\t\t<\/div>\n\t\t\t\t\t<\/div>\n\t\t<\/div>\n\t\t\t\t\t<\/div>\n\t\t<\/section>\n\t\t\t\t<section class=\"elementor-section elementor-top-section elementor-element elementor-element-69b67cb elementor-section-boxed elementor-section-height-default elementor-section-height-default\" data-id=\"69b67cb\" data-element_type=\"section\" data-e-type=\"section\">\n\t\t\t\t\t\t<div class=\"elementor-container elementor-column-gap-default\">\n\t\t\t\t\t<div class=\"elementor-column elementor-col-100 elementor-top-column elementor-element elementor-element-4baa027\" data-id=\"4baa027\" data-element_type=\"column\" data-e-type=\"column\">\n\t\t\t<div class=\"elementor-widget-wrap elementor-element-populated\">\n\t\t\t\t\t\t<div class=\"elementor-element elementor-element-81cb623 elementor-widget elementor-widget-spacer\" data-id=\"81cb623\" data-element_type=\"widget\" data-e-type=\"widget\" data-widget_type=\"spacer.default\">\n\t\t\t\t<div class=\"elementor-widget-container\">\n\t\t\t\t\t\t\t<div class=\"elementor-spacer\">\n\t\t\t<div class=\"elementor-spacer-inner\"><\/div>\n\t\t<\/div>\n\t\t\t\t\t\t<\/div>\n\t\t\t\t<\/div>\n\t\t\t\t\t<\/div>\n\t\t<\/div>\n\t\t\t\t\t<\/div>\n\t\t<\/section>\n\t\t\t\t<\/div>","protected":false},"excerpt":{"rendered":"<p>C a p r i c o r n i o&nbsp; S p A SOBRE NOSOTROS Consultora orientada a la identificaci\u00f3n, desarrollo e implementaci\u00f3n de estrategias corporativas para mejorar la competitividad de su negocio con foco en sustentabilidad energ\u00e9tica. Complementamos sus capacidades entregando informaci\u00f3n clave para la toma de decisiones en nuevos o mejorados proyectos [&hellip;]<\/p>\n","protected":false},"author":1,"featured_media":0,"parent":0,"menu_order":0,"comment_status":"closed","ping_status":"closed","template":"","meta":{"_joinchat":[],"footnotes":""},"class_list":["post-10","page","type-page","status-publish","hentry"],"yoast_head":"<!-- This site is optimized with the Yoast SEO plugin v27.5 - https:\/\/yoast.com\/product\/yoast-seo-wordpress\/ -->\n<title>Sobre nosotros<\/title>\n<meta name=\"description\" content=\"Consultora orientada a la identificaci\u00f3n, desarrollo e implementaci\u00f3n de estrategias corporativas para mejorar la competitividad de su negocio con foco en sustentabilidad energ\u00e9tica.\" \/>\n<meta name=\"robots\" content=\"index, follow, max-snippet:-1, max-image-preview:large, max-video-preview:-1\" \/>\n<link rel=\"canonical\" href=\"https:\/\/www.capric.cl\/en\/sobre-nosotros\/\" \/>\n<meta property=\"og:locale\" content=\"en_US\" \/>\n<meta property=\"og:type\" content=\"article\" \/>\n<meta property=\"og:title\" content=\"Sobre nosotros\" \/>\n<meta property=\"og:description\" content=\"Consultora orientada a la identificaci\u00f3n, desarrollo e implementaci\u00f3n de estrategias corporativas para mejorar la competitividad de su negocio con foco en sustentabilidad energ\u00e9tica.\" \/>\n<meta property=\"og:url\" content=\"https:\/\/www.capric.cl\/en\/sobre-nosotros\/\" \/>\n<meta property=\"og:site_name\" content=\"CAPRICORNIO\" \/>\n<meta property=\"article:publisher\" content=\"https:\/\/www.facebook.com\/Capric.cl\/\" \/>\n<meta property=\"article:modified_time\" content=\"2022-08-28T21:36:42+00:00\" \/>\n<meta property=\"og:image\" content=\"https:\/\/www.capric.cl\/wp-content\/uploads\/2022\/08\/acercade.jpg\" \/>\n<meta name=\"twitter:label1\" content=\"Est. reading time\" \/>\n\t<meta name=\"twitter:data1\" content=\"1 minute\" \/>\n<script type=\"application\/ld+json\" class=\"yoast-schema-graph\">{\"@context\":\"https:\\\/\\\/schema.org\",\"@graph\":[{\"@type\":\"WebPage\",\"@id\":\"https:\\\/\\\/www.capric.cl\\\/sobre-nosotros\\\/\",\"url\":\"https:\\\/\\\/www.capric.cl\\\/sobre-nosotros\\\/\",\"name\":\"Sobre nosotros\",\"isPartOf\":{\"@id\":\"https:\\\/\\\/www.capric.cl\\\/#website\"},\"primaryImageOfPage\":{\"@id\":\"https:\\\/\\\/www.capric.cl\\\/sobre-nosotros\\\/#primaryimage\"},\"image\":{\"@id\":\"https:\\\/\\\/www.capric.cl\\\/sobre-nosotros\\\/#primaryimage\"},\"thumbnailUrl\":\"https:\\\/\\\/www.capric.cl\\\/wp-content\\\/uploads\\\/2022\\\/08\\\/acercade.jpg\",\"datePublished\":\"2022-08-20T21:21:13+00:00\",\"dateModified\":\"2022-08-28T21:36:42+00:00\",\"description\":\"Consultora orientada a la identificaci\u00f3n, desarrollo e implementaci\u00f3n de estrategias corporativas para mejorar la competitividad de su negocio con foco en sustentabilidad energ\u00e9tica.\",\"breadcrumb\":{\"@id\":\"https:\\\/\\\/www.capric.cl\\\/sobre-nosotros\\\/#breadcrumb\"},\"inLanguage\":\"en-US\",\"potentialAction\":[{\"@type\":\"ReadAction\",\"target\":[\"https:\\\/\\\/www.capric.cl\\\/sobre-nosotros\\\/\"]}]},{\"@type\":\"ImageObject\",\"inLanguage\":\"en-US\",\"@id\":\"https:\\\/\\\/www.capric.cl\\\/sobre-nosotros\\\/#primaryimage\",\"url\":\"https:\\\/\\\/www.capric.cl\\\/wp-content\\\/uploads\\\/2022\\\/08\\\/acercade.jpg\",\"contentUrl\":\"https:\\\/\\\/www.capric.cl\\\/wp-content\\\/uploads\\\/2022\\\/08\\\/acercade.jpg\"},{\"@type\":\"BreadcrumbList\",\"@id\":\"https:\\\/\\\/www.capric.cl\\\/sobre-nosotros\\\/#breadcrumb\",\"itemListElement\":[{\"@type\":\"ListItem\",\"position\":1,\"name\":\"Portada\",\"item\":\"https:\\\/\\\/www.capric.cl\\\/\"},{\"@type\":\"ListItem\",\"position\":2,\"name\":\"Sobre nosotros\"}]},{\"@type\":\"WebSite\",\"@id\":\"https:\\\/\\\/www.capric.cl\\\/#website\",\"url\":\"https:\\\/\\\/www.capric.cl\\\/\",\"name\":\"CAPRICORNIO\",\"description\":\"Estrategias sustentables\",\"publisher\":{\"@id\":\"https:\\\/\\\/www.capric.cl\\\/#organization\"},\"potentialAction\":[{\"@type\":\"SearchAction\",\"target\":{\"@type\":\"EntryPoint\",\"urlTemplate\":\"https:\\\/\\\/www.capric.cl\\\/?s={search_term_string}\"},\"query-input\":{\"@type\":\"PropertyValueSpecification\",\"valueRequired\":true,\"valueName\":\"search_term_string\"}}],\"inLanguage\":\"en-US\"},{\"@type\":\"Organization\",\"@id\":\"https:\\\/\\\/www.capric.cl\\\/#organization\",\"name\":\"CAPRICORNIO\",\"url\":\"https:\\\/\\\/www.capric.cl\\\/\",\"logo\":{\"@type\":\"ImageObject\",\"inLanguage\":\"en-US\",\"@id\":\"https:\\\/\\\/www.capric.cl\\\/#\\\/schema\\\/logo\\\/image\\\/\",\"url\":\"https:\\\/\\\/www.capric.cl\\\/wp-content\\\/uploads\\\/2022\\\/08\\\/Logo_capric_def.jpg\",\"contentUrl\":\"https:\\\/\\\/www.capric.cl\\\/wp-content\\\/uploads\\\/2022\\\/08\\\/Logo_capric_def.jpg\",\"width\":250,\"height\":89,\"caption\":\"CAPRICORNIO\"},\"image\":{\"@id\":\"https:\\\/\\\/www.capric.cl\\\/#\\\/schema\\\/logo\\\/image\\\/\"},\"sameAs\":[\"https:\\\/\\\/www.facebook.com\\\/Capric.cl\\\/\",\"https:\\\/\\\/www.linkedin.com\\\/company\\\/capric\\\/about\\\/\"]}]}<\/script>\n<!-- \/ Yoast SEO plugin. -->","yoast_head_json":{"title":"Sobre nosotros","description":"Consulting company focused on the identification, development and implementation of corporate strategies to improve the competitiveness of your business with a focus on energy sustainability","robots":{"index":"index","follow":"follow","max-snippet":"max-snippet:-1","max-image-preview":"max-image-preview:large","max-video-preview":"max-video-preview:-1"},"canonical":"https:\/\/www.capric.cl\/en\/sobre-nosotros\/","og_locale":"en_US","og_type":"article","og_title":"Sobre nosotros","og_description":"Consultora orientada a la identificaci\u00f3n, desarrollo e implementaci\u00f3n de estrategias corporativas para mejorar la competitividad de su negocio con foco en sustentabilidad energ\u00e9tica.","og_url":"https:\/\/www.capric.cl\/en\/sobre-nosotros\/","og_site_name":"CAPRICORNIO","article_publisher":"https:\/\/www.facebook.com\/Capric.cl\/","article_modified_time":"2022-08-28T21:36:42+00:00","og_image":[{"url":"https:\/\/www.capric.cl\/wp-content\/uploads\/2022\/08\/acercade.jpg","type":"","width":"","height":""}],"twitter_misc":{"Est. reading time":"1 minute"},"schema":{"@context":"https:\/\/schema.org","@graph":[{"@type":"WebPage","@id":"https:\/\/www.capric.cl\/sobre-nosotros\/","url":"https:\/\/www.capric.cl\/sobre-nosotros\/","name":"Sobre nosotros","isPartOf":{"@id":"https:\/\/www.capric.cl\/#website"},"primaryImageOfPage":{"@id":"https:\/\/www.capric.cl\/sobre-nosotros\/#primaryimage"},"image":{"@id":"https:\/\/www.capric.cl\/sobre-nosotros\/#primaryimage"},"thumbnailUrl":"https:\/\/www.capric.cl\/wp-content\/uploads\/2022\/08\/acercade.jpg","datePublished":"2022-08-20T21:21:13+00:00","dateModified":"2022-08-28T21:36:42+00:00","description":"Consulting company focused on the identification, development and implementation of corporate strategies to improve the competitiveness of your business with a focus on energy sustainability","breadcrumb":{"@id":"https:\/\/www.capric.cl\/sobre-nosotros\/#breadcrumb"},"inLanguage":"en-US","potentialAction":[{"@type":"ReadAction","target":["https:\/\/www.capric.cl\/sobre-nosotros\/"]}]},{"@type":"ImageObject","inLanguage":"en-US","@id":"https:\/\/www.capric.cl\/sobre-nosotros\/#primaryimage","url":"https:\/\/www.capric.cl\/wp-content\/uploads\/2022\/08\/acercade.jpg","contentUrl":"https:\/\/www.capric.cl\/wp-content\/uploads\/2022\/08\/acercade.jpg"},{"@type":"BreadcrumbList","@id":"https:\/\/www.capric.cl\/sobre-nosotros\/#breadcrumb","itemListElement":[{"@type":"ListItem","position":1,"name":"Portada","item":"https:\/\/www.capric.cl\/"},{"@type":"ListItem","position":2,"name":"Sobre nosotros"}]},{"@type":"WebSite","@id":"https:\/\/www.capric.cl\/#website","url":"https:\/\/www.capric.cl\/","name":"CAPRICORNIO","description":"Estrategias sustentables","publisher":{"@id":"https:\/\/www.capric.cl\/#organization"},"potentialAction":[{"@type":"SearchAction","target":{"@type":"EntryPoint","urlTemplate":"https:\/\/www.capric.cl\/?s={search_term_string}"},"query-input":{"@type":"PropertyValueSpecification","valueRequired":true,"valueName":"search_term_string"}}],"inLanguage":"en-US"},{"@type":"Organization","@id":"https:\/\/www.capric.cl\/#organization","name":"CAPRICORNIO","url":"https:\/\/www.capric.cl\/","logo":{"@type":"ImageObject","inLanguage":"en-US","@id":"https:\/\/www.capric.cl\/#\/schema\/logo\/image\/","url":"https:\/\/www.capric.cl\/wp-content\/uploads\/2022\/08\/Logo_capric_def.jpg","contentUrl":"https:\/\/www.capric.cl\/wp-content\/uploads\/2022\/08\/Logo_capric_def.jpg","width":250,"height":89,"caption":"CAPRICORNIO"},"image":{"@id":"https:\/\/www.capric.cl\/#\/schema\/logo\/image\/"},"sameAs":["https:\/\/www.facebook.com\/Capric.cl\/","https:\/\/www.linkedin.com\/company\/capric\/about\/"]}]}},"_links":{"self":[{"href":"https:\/\/www.capric.cl\/en\/wp-json\/wp\/v2\/pages\/10","targetHints":{"allow":["GET"]}}],"collection":[{"href":"https:\/\/www.capric.cl\/en\/wp-json\/wp\/v2\/pages"}],"about":[{"href":"https:\/\/www.capric.cl\/en\/wp-json\/wp\/v2\/types\/page"}],"author":[{"embeddable":true,"href":"https:\/\/www.capric.cl\/en\/wp-json\/wp\/v2\/users\/1"}],"replies":[{"embeddable":true,"href":"https:\/\/www.capric.cl\/en\/wp-json\/wp\/v2\/comments?post=10"}],"version-history":[{"count":0,"href":"https:\/\/www.capric.cl\/en\/wp-json\/wp\/v2\/pages\/10\/revisions"}],"wp:attachment":[{"href":"https:\/\/www.capric.cl\/en\/wp-json\/wp\/v2\/media?parent=10"}],"curies":[{"name":"wp","href":"https:\/\/api.w.org\/{rel}","templated":true}]}}