{"id":11,"date":"2022-08-20T17:21:37","date_gmt":"2022-08-20T21:21:37","guid":{"rendered":"https:\/\/www.capric.cl\/?page_id=11"},"modified":"2022-08-28T17:25:51","modified_gmt":"2022-08-28T21:25:51","slug":"nuestro-equipo","status":"publish","type":"page","link":"https:\/\/www.capric.cl\/en\/nuestro-equipo\/","title":{"rendered":"Nuestro equipo"},"content":{"rendered":"<div data-elementor-type=\"wp-page\" data-elementor-id=\"11\" class=\"elementor elementor-11\" data-elementor-post-type=\"page\">\n\t\t\t\t\t\t<section class=\"elementor-section elementor-top-section elementor-element elementor-element-668440d5 elementor-section-height-min-height elementor-section-boxed elementor-section-height-default elementor-section-items-middle\" data-id=\"668440d5\" data-element_type=\"section\" data-e-type=\"section\" data-settings=\"{&quot;background_background&quot;:&quot;classic&quot;}\">\n\t\t\t\t\t\t<div class=\"elementor-container elementor-column-gap-default\">\n\t\t\t\t\t<div class=\"elementor-column elementor-col-100 elementor-top-column elementor-element elementor-element-5fdbba7f\" data-id=\"5fdbba7f\" data-element_type=\"column\" data-e-type=\"column\">\n\t\t\t<div class=\"elementor-widget-wrap elementor-element-populated\">\n\t\t\t\t\t\t<div class=\"elementor-element elementor-element-47e66891 elementor-widget elementor-widget-heading\" data-id=\"47e66891\" data-element_type=\"widget\" data-e-type=\"widget\" data-widget_type=\"heading.default\">\n\t\t\t\t<div class=\"elementor-widget-container\">\n\t\t\t\t\t<h3 class=\"elementor-heading-title elementor-size-default\">PROFESSIONAL ECOSYSTEM<\/h3>\t\t\t\t<\/div>\n\t\t\t\t<\/div>\n\t\t\t\t<div class=\"elementor-element elementor-element-61b55b07 elementor-widget elementor-widget-text-editor\" data-id=\"61b55b07\" data-element_type=\"widget\" data-e-type=\"widget\" data-widget_type=\"text-editor.default\">\n\t\t\t\t<div class=\"elementor-widget-container\">\n\t\t\t\t\t\t\t\t\t<p>OUR TEAM<\/p>\t\t\t\t\t\t\t\t<\/div>\n\t\t\t\t<\/div>\n\t\t\t\t<div class=\"elementor-element elementor-element-1881585 elementor-widget-divider--view-line elementor-widget elementor-widget-divider\" data-id=\"1881585\" data-element_type=\"widget\" data-e-type=\"widget\" data-widget_type=\"divider.default\">\n\t\t\t\t<div class=\"elementor-widget-container\">\n\t\t\t\t\t\t\t<div class=\"elementor-divider\">\n\t\t\t<span class=\"elementor-divider-separator\">\n\t\t\t\t\t\t<\/span>\n\t\t<\/div>\n\t\t\t\t\t\t<\/div>\n\t\t\t\t<\/div>\n\t\t\t\t\t<\/div>\n\t\t<\/div>\n\t\t\t\t\t<\/div>\n\t\t<\/section>\n\t\t\t\t<section class=\"elementor-section elementor-top-section elementor-element elementor-element-fe7f42c elementor-section-boxed elementor-section-height-default elementor-section-height-default\" data-id=\"fe7f42c\" data-element_type=\"section\" data-e-type=\"section\">\n\t\t\t\t\t\t<div class=\"elementor-container elementor-column-gap-default\">\n\t\t\t\t\t<div class=\"elementor-column elementor-col-50 elementor-top-column elementor-element elementor-element-3e393fe\" data-id=\"3e393fe\" data-element_type=\"column\" data-e-type=\"column\">\n\t\t\t<div class=\"elementor-widget-wrap elementor-element-populated\">\n\t\t\t\t\t\t<div class=\"elementor-element elementor-element-7e185c54 elementor-widget elementor-widget-image\" data-id=\"7e185c54\" data-element_type=\"widget\" data-e-type=\"widget\" data-widget_type=\"image.default\">\n\t\t\t\t<div class=\"elementor-widget-container\">\n\t\t\t\t\t\t\t\t\t\t\t\t\t\t\t<img fetchpriority=\"high\" decoding=\"async\" width=\"238\" height=\"247\" src=\"https:\/\/www.capric.cl\/wp-content\/uploads\/2022\/08\/joseluis.png\" class=\"attachment-full size-full wp-image-59\" alt=\"Jos\u00e9 Luis Valenzuela\" \/>\t\t\t\t\t\t\t\t\t\t\t\t\t\t\t<\/div>\n\t\t\t\t<\/div>\n\t\t\t\t<div class=\"elementor-element elementor-element-287af413 elementor-widget elementor-widget-text-editor\" data-id=\"287af413\" data-element_type=\"widget\" data-e-type=\"widget\" data-widget_type=\"text-editor.default\">\n\t\t\t\t<div class=\"elementor-widget-container\">\n\t\t\t\t\t\t\t\t\t<p>J o s \u00e9\u00a0 \u00a0L u i s\u00a0 \u00a0V a l e n z u e l a\u00a0 \u00a0A.\u00a0<\/p>\t\t\t\t\t\t\t\t<\/div>\n\t\t\t\t<\/div>\n\t\t\t\t<div class=\"elementor-element elementor-element-443b1806 elementor-widget elementor-widget-text-editor\" data-id=\"443b1806\" data-element_type=\"widget\" data-e-type=\"widget\" data-widget_type=\"text-editor.default\">\n\t\t\t\t<div class=\"elementor-widget-container\">\n\t\t\t\t\t\t\t\t\t<p>Innovaci\u00f3n y Negocios<\/p>\t\t\t\t\t\t\t\t<\/div>\n\t\t\t\t<\/div>\n\t\t\t\t<div class=\"elementor-element elementor-element-29ada19 elementor-shape-circle elementor-grid-0 e-grid-align-center elementor-widget elementor-widget-social-icons\" data-id=\"29ada19\" data-element_type=\"widget\" data-e-type=\"widget\" data-widget_type=\"social-icons.default\">\n\t\t\t\t<div class=\"elementor-widget-container\">\n\t\t\t\t\t\t\t<div class=\"elementor-social-icons-wrapper elementor-grid\">\n\t\t\t\t\t\t\t<span class=\"elementor-grid-item\">\n\t\t\t\t\t<a class=\"elementor-icon elementor-social-icon elementor-social-icon-linkedin elementor-repeater-item-4751ec5\" href=\"https:\/\/www.linkedin.com\/in\/jl-valenzuela\/\" target=\"_blank\">\n\t\t\t\t\t\t<span class=\"elementor-screen-only\">Linkedin<\/span>\n\t\t\t\t\t\t<i aria-hidden=\"true\" class=\"fab fa-linkedin\"><\/i>\t\t\t\t\t<\/a>\n\t\t\t\t<\/span>\n\t\t\t\t\t<\/div>\n\t\t\t\t\t\t<\/div>\n\t\t\t\t<\/div>\n\t\t\t\t<div class=\"elementor-element elementor-element-5de02989 elementor-widget elementor-widget-text-editor\" data-id=\"5de02989\" data-element_type=\"widget\" data-e-type=\"widget\" data-widget_type=\"text-editor.default\">\n\t\t\t\t<div class=\"elementor-widget-container\">\n\t\t\t\t\t\t\t\t\t<p>More than 10 years of experience in the Chilean electricity market, leading large-scale generation projects, small means of distributed generation, self-consumption and R&amp;D in alternative fuels.<\/p>\t\t\t\t\t\t\t\t<\/div>\n\t\t\t\t<\/div>\n\t\t\t\t<div class=\"elementor-element elementor-element-b0d4318 elementor-widget elementor-widget-heading\" data-id=\"b0d4318\" data-element_type=\"widget\" data-e-type=\"widget\" data-widget_type=\"heading.default\">\n\t\t\t\t<div class=\"elementor-widget-container\">\n\t\t\t\t\t<h3 class=\"elementor-heading-title elementor-size-default\">Master of Development Technologies \u2013 Melbourne University<br>Electronic Engineer \u2013 Universidad T\u00e9cnica Federico Santa Mar\u00eda.<\/h3>\t\t\t\t<\/div>\n\t\t\t\t<\/div>\n\t\t\t\t<div class=\"elementor-element elementor-element-992296e elementor-hidden-desktop elementor-hidden-laptop elementor-hidden-tablet elementor-widget elementor-widget-spacer\" data-id=\"992296e\" data-element_type=\"widget\" data-e-type=\"widget\" data-widget_type=\"spacer.default\">\n\t\t\t\t<div class=\"elementor-widget-container\">\n\t\t\t\t\t\t\t<div class=\"elementor-spacer\">\n\t\t\t<div class=\"elementor-spacer-inner\"><\/div>\n\t\t<\/div>\n\t\t\t\t\t\t<\/div>\n\t\t\t\t<\/div>\n\t\t\t\t\t<\/div>\n\t\t<\/div>\n\t\t\t\t<div class=\"elementor-column elementor-col-50 elementor-top-column elementor-element elementor-element-35d93c3\" data-id=\"35d93c3\" data-element_type=\"column\" data-e-type=\"column\">\n\t\t\t<div class=\"elementor-widget-wrap elementor-element-populated\">\n\t\t\t\t\t\t<div class=\"elementor-element elementor-element-7d809e8 elementor-widget elementor-widget-image\" data-id=\"7d809e8\" data-element_type=\"widget\" data-e-type=\"widget\" data-widget_type=\"image.default\">\n\t\t\t\t<div class=\"elementor-widget-container\">\n\t\t\t\t\t\t\t\t\t\t\t\t\t\t\t<img decoding=\"async\" width=\"239\" height=\"233\" src=\"https:\/\/www.capric.cl\/wp-content\/uploads\/2022\/08\/pamela.png\" class=\"attachment-full size-full wp-image-60\" alt=\"Pamela Bonert P.\" \/>\t\t\t\t\t\t\t\t\t\t\t\t\t\t\t<\/div>\n\t\t\t\t<\/div>\n\t\t\t\t<div class=\"elementor-element elementor-element-d515af3 elementor-widget elementor-widget-text-editor\" data-id=\"d515af3\" data-element_type=\"widget\" data-e-type=\"widget\" data-widget_type=\"text-editor.default\">\n\t\t\t\t<div class=\"elementor-widget-container\">\n\t\t\t\t\t\t\t\t\t<p>P a m e l a\u00a0 \u00a0B o n e r t\u00a0 \u00a0P.<\/p>\t\t\t\t\t\t\t\t<\/div>\n\t\t\t\t<\/div>\n\t\t\t\t<div class=\"elementor-element elementor-element-eca01e8 elementor-widget elementor-widget-text-editor\" data-id=\"eca01e8\" data-element_type=\"widget\" data-e-type=\"widget\" data-widget_type=\"text-editor.default\">\n\t\t\t\t<div class=\"elementor-widget-container\">\n\t\t\t\t\t\t\t\t\t<p>Regulaci\u00f3n Ambiental<\/p>\t\t\t\t\t\t\t\t<\/div>\n\t\t\t\t<\/div>\n\t\t\t\t<div class=\"elementor-element elementor-element-606668b elementor-shape-circle elementor-grid-0 e-grid-align-center elementor-widget elementor-widget-social-icons\" data-id=\"606668b\" data-element_type=\"widget\" data-e-type=\"widget\" data-widget_type=\"social-icons.default\">\n\t\t\t\t<div class=\"elementor-widget-container\">\n\t\t\t\t\t\t\t<div class=\"elementor-social-icons-wrapper elementor-grid\">\n\t\t\t\t\t\t\t<span class=\"elementor-grid-item\">\n\t\t\t\t\t<a class=\"elementor-icon elementor-social-icon elementor-social-icon-linkedin elementor-repeater-item-4751ec5\" href=\"https:\/\/www.linkedin.com\/in\/pamela-bonert-puig\/\" target=\"_blank\">\n\t\t\t\t\t\t<span class=\"elementor-screen-only\">Linkedin<\/span>\n\t\t\t\t\t\t<i aria-hidden=\"true\" class=\"fab fa-linkedin\"><\/i>\t\t\t\t\t<\/a>\n\t\t\t\t<\/span>\n\t\t\t\t\t<\/div>\n\t\t\t\t\t\t<\/div>\n\t\t\t\t<\/div>\n\t\t\t\t<div class=\"elementor-element elementor-element-6ff713c elementor-widget elementor-widget-text-editor\" data-id=\"6ff713c\" data-element_type=\"widget\" data-e-type=\"widget\" data-widget_type=\"text-editor.default\">\n\t\t\t\t<div class=\"elementor-widget-container\">\n\t\t\t\t\t\t\t\t\t<p>More than 10 years of experience in environmental issues in academia and the industry, both in field and management activities. Specialist in environmental regulations for the acceptance and execution of projects.<\/p>\t\t\t\t\t\t\t\t<\/div>\n\t\t\t\t<\/div>\n\t\t\t\t<div class=\"elementor-element elementor-element-93d6b4f elementor-widget elementor-widget-heading\" data-id=\"93d6b4f\" data-element_type=\"widget\" data-e-type=\"widget\" data-widget_type=\"heading.default\">\n\t\t\t\t<div class=\"elementor-widget-container\">\n\t\t\t\t\t<h3 class=\"elementor-heading-title elementor-size-default\">(C) Mag\u00edster MDL y Eficiencia Energ\u00e9tica \u2013Pontificia Universidad Cat\u00f3lica de Valpara\u00edso\nIngeniero Ambiental \u2013 Universidad T\u00e9cnica Federico Santa Mar\u00eda.<\/h3>\t\t\t\t<\/div>\n\t\t\t\t<\/div>\n\t\t\t\t\t<\/div>\n\t\t<\/div>\n\t\t\t\t\t<\/div>\n\t\t<\/section>\n\t\t\t\t<section class=\"elementor-section elementor-top-section elementor-element elementor-element-47c1d8c elementor-section-boxed elementor-section-height-default elementor-section-height-default\" data-id=\"47c1d8c\" data-element_type=\"section\" data-e-type=\"section\">\n\t\t\t\t\t\t<div class=\"elementor-container elementor-column-gap-default\">\n\t\t\t\t\t<div class=\"elementor-column elementor-col-100 elementor-top-column elementor-element elementor-element-9d4224a\" data-id=\"9d4224a\" data-element_type=\"column\" data-e-type=\"column\">\n\t\t\t<div class=\"elementor-widget-wrap elementor-element-populated\">\n\t\t\t\t\t\t<div class=\"elementor-element elementor-element-1dc8d41 elementor-widget elementor-widget-spacer\" data-id=\"1dc8d41\" data-element_type=\"widget\" data-e-type=\"widget\" data-widget_type=\"spacer.default\">\n\t\t\t\t<div class=\"elementor-widget-container\">\n\t\t\t\t\t\t\t<div class=\"elementor-spacer\">\n\t\t\t<div class=\"elementor-spacer-inner\"><\/div>\n\t\t<\/div>\n\t\t\t\t\t\t<\/div>\n\t\t\t\t<\/div>\n\t\t\t\t\t<\/div>\n\t\t<\/div>\n\t\t\t\t\t<\/div>\n\t\t<\/section>\n\t\t\t\t<\/div>","protected":false},"excerpt":{"rendered":"<p>E C O S I S T E M A &nbsp;&nbsp;&nbsp;&nbsp; P R O F E S I O N A L NUESTRO EQUIPO J o s \u00e9\u00a0 \u00a0L u i s\u00a0 \u00a0V a l e n z u e l a\u00a0 \u00a0A.\u00a0 Innovaci\u00f3n y Negocios Linkedin M\u00e1s de 10 a\u00f1os de experiencia en el [&hellip;]<\/p>\n","protected":false},"author":1,"featured_media":0,"parent":0,"menu_order":0,"comment_status":"closed","ping_status":"closed","template":"","meta":{"_joinchat":[],"footnotes":""},"class_list":["post-11","page","type-page","status-publish","hentry"],"yoast_head":"<!-- This site is optimized with the Yoast SEO plugin v27.5 - https:\/\/yoast.com\/product\/yoast-seo-wordpress\/ -->\n<title>Nuestro equipo<\/title>\n<meta name=\"description\" content=\"M\u00e1s de 10 a\u00f1os de experiencia en el mercado el\u00e9ctrico chileno, liderando proyectos de generaci\u00f3n de gran escala, peque\u00f1os medios de generaci\u00f3n distribuida, autoconsumo e I+D en combustibles alternativos.\" \/>\n<meta name=\"robots\" content=\"index, follow, max-snippet:-1, max-image-preview:large, max-video-preview:-1\" \/>\n<link rel=\"canonical\" href=\"https:\/\/www.capric.cl\/en\/nuestro-equipo\/\" \/>\n<meta property=\"og:locale\" content=\"en_US\" \/>\n<meta property=\"og:type\" content=\"article\" \/>\n<meta property=\"og:title\" content=\"Nuestro equipo\" \/>\n<meta property=\"og:description\" content=\"M\u00e1s de 10 a\u00f1os de experiencia en el mercado el\u00e9ctrico chileno, liderando proyectos de generaci\u00f3n de gran escala, peque\u00f1os medios de generaci\u00f3n distribuida, autoconsumo e I+D en combustibles alternativos.\" \/>\n<meta property=\"og:url\" content=\"https:\/\/www.capric.cl\/en\/nuestro-equipo\/\" \/>\n<meta property=\"og:site_name\" content=\"CAPRICORNIO\" \/>\n<meta property=\"article:publisher\" content=\"https:\/\/www.facebook.com\/Capric.cl\/\" \/>\n<meta property=\"article:modified_time\" content=\"2022-08-28T21:25:51+00:00\" \/>\n<meta property=\"og:image\" content=\"https:\/\/www.capric.cl\/wp-content\/uploads\/2022\/08\/joseluis.png\" \/>\n<meta name=\"twitter:label1\" content=\"Est. reading time\" \/>\n\t<meta name=\"twitter:data1\" content=\"2 minutes\" \/>\n<script type=\"application\/ld+json\" class=\"yoast-schema-graph\">{\"@context\":\"https:\\\/\\\/schema.org\",\"@graph\":[{\"@type\":\"WebPage\",\"@id\":\"https:\\\/\\\/www.capric.cl\\\/nuestro-equipo\\\/\",\"url\":\"https:\\\/\\\/www.capric.cl\\\/nuestro-equipo\\\/\",\"name\":\"Nuestro equipo\",\"isPartOf\":{\"@id\":\"https:\\\/\\\/www.capric.cl\\\/#website\"},\"primaryImageOfPage\":{\"@id\":\"https:\\\/\\\/www.capric.cl\\\/nuestro-equipo\\\/#primaryimage\"},\"image\":{\"@id\":\"https:\\\/\\\/www.capric.cl\\\/nuestro-equipo\\\/#primaryimage\"},\"thumbnailUrl\":\"https:\\\/\\\/www.capric.cl\\\/wp-content\\\/uploads\\\/2022\\\/08\\\/joseluis.png\",\"datePublished\":\"2022-08-20T21:21:37+00:00\",\"dateModified\":\"2022-08-28T21:25:51+00:00\",\"description\":\"M\u00e1s de 10 a\u00f1os de experiencia en el mercado el\u00e9ctrico chileno, liderando proyectos de generaci\u00f3n de gran escala, peque\u00f1os medios de generaci\u00f3n distribuida, autoconsumo e I+D en combustibles alternativos.\",\"breadcrumb\":{\"@id\":\"https:\\\/\\\/www.capric.cl\\\/nuestro-equipo\\\/#breadcrumb\"},\"inLanguage\":\"en-US\",\"potentialAction\":[{\"@type\":\"ReadAction\",\"target\":[\"https:\\\/\\\/www.capric.cl\\\/nuestro-equipo\\\/\"]}]},{\"@type\":\"ImageObject\",\"inLanguage\":\"en-US\",\"@id\":\"https:\\\/\\\/www.capric.cl\\\/nuestro-equipo\\\/#primaryimage\",\"url\":\"https:\\\/\\\/www.capric.cl\\\/wp-content\\\/uploads\\\/2022\\\/08\\\/joseluis.png\",\"contentUrl\":\"https:\\\/\\\/www.capric.cl\\\/wp-content\\\/uploads\\\/2022\\\/08\\\/joseluis.png\"},{\"@type\":\"BreadcrumbList\",\"@id\":\"https:\\\/\\\/www.capric.cl\\\/nuestro-equipo\\\/#breadcrumb\",\"itemListElement\":[{\"@type\":\"ListItem\",\"position\":1,\"name\":\"Portada\",\"item\":\"https:\\\/\\\/www.capric.cl\\\/\"},{\"@type\":\"ListItem\",\"position\":2,\"name\":\"Nuestro equipo\"}]},{\"@type\":\"WebSite\",\"@id\":\"https:\\\/\\\/www.capric.cl\\\/#website\",\"url\":\"https:\\\/\\\/www.capric.cl\\\/\",\"name\":\"CAPRICORNIO\",\"description\":\"Estrategias sustentables\",\"publisher\":{\"@id\":\"https:\\\/\\\/www.capric.cl\\\/#organization\"},\"potentialAction\":[{\"@type\":\"SearchAction\",\"target\":{\"@type\":\"EntryPoint\",\"urlTemplate\":\"https:\\\/\\\/www.capric.cl\\\/?s={search_term_string}\"},\"query-input\":{\"@type\":\"PropertyValueSpecification\",\"valueRequired\":true,\"valueName\":\"search_term_string\"}}],\"inLanguage\":\"en-US\"},{\"@type\":\"Organization\",\"@id\":\"https:\\\/\\\/www.capric.cl\\\/#organization\",\"name\":\"CAPRICORNIO\",\"url\":\"https:\\\/\\\/www.capric.cl\\\/\",\"logo\":{\"@type\":\"ImageObject\",\"inLanguage\":\"en-US\",\"@id\":\"https:\\\/\\\/www.capric.cl\\\/#\\\/schema\\\/logo\\\/image\\\/\",\"url\":\"https:\\\/\\\/www.capric.cl\\\/wp-content\\\/uploads\\\/2022\\\/08\\\/Logo_capric_def.jpg\",\"contentUrl\":\"https:\\\/\\\/www.capric.cl\\\/wp-content\\\/uploads\\\/2022\\\/08\\\/Logo_capric_def.jpg\",\"width\":250,\"height\":89,\"caption\":\"CAPRICORNIO\"},\"image\":{\"@id\":\"https:\\\/\\\/www.capric.cl\\\/#\\\/schema\\\/logo\\\/image\\\/\"},\"sameAs\":[\"https:\\\/\\\/www.facebook.com\\\/Capric.cl\\\/\",\"https:\\\/\\\/www.linkedin.com\\\/company\\\/capric\\\/about\\\/\"]}]}<\/script>\n<!-- \/ Yoast SEO plugin. -->","yoast_head_json":{"title":"Nuestro equipo","description":"More than 10 years of experience in the Chilean electricity market, leading large-scale generation projects, small means of distributed generation, self-consumption and R&amp;D in alternative fuels.","robots":{"index":"index","follow":"follow","max-snippet":"max-snippet:-1","max-image-preview":"max-image-preview:large","max-video-preview":"max-video-preview:-1"},"canonical":"https:\/\/www.capric.cl\/en\/nuestro-equipo\/","og_locale":"en_US","og_type":"article","og_title":"Nuestro equipo","og_description":"M\u00e1s de 10 a\u00f1os de experiencia en el mercado el\u00e9ctrico chileno, liderando proyectos de generaci\u00f3n de gran escala, peque\u00f1os medios de generaci\u00f3n distribuida, autoconsumo e I+D en combustibles alternativos.","og_url":"https:\/\/www.capric.cl\/en\/nuestro-equipo\/","og_site_name":"CAPRICORNIO","article_publisher":"https:\/\/www.facebook.com\/Capric.cl\/","article_modified_time":"2022-08-28T21:25:51+00:00","og_image":[{"url":"https:\/\/www.capric.cl\/wp-content\/uploads\/2022\/08\/joseluis.png","type":"","width":"","height":""}],"twitter_misc":{"Est. reading time":"2 minutes"},"schema":{"@context":"https:\/\/schema.org","@graph":[{"@type":"WebPage","@id":"https:\/\/www.capric.cl\/nuestro-equipo\/","url":"https:\/\/www.capric.cl\/nuestro-equipo\/","name":"Nuestro equipo","isPartOf":{"@id":"https:\/\/www.capric.cl\/#website"},"primaryImageOfPage":{"@id":"https:\/\/www.capric.cl\/nuestro-equipo\/#primaryimage"},"image":{"@id":"https:\/\/www.capric.cl\/nuestro-equipo\/#primaryimage"},"thumbnailUrl":"https:\/\/www.capric.cl\/wp-content\/uploads\/2022\/08\/joseluis.png","datePublished":"2022-08-20T21:21:37+00:00","dateModified":"2022-08-28T21:25:51+00:00","description":"More than 10 years of experience in the Chilean electricity market, leading large-scale generation projects, small means of distributed generation, self-consumption and R&amp;D in alternative fuels.","breadcrumb":{"@id":"https:\/\/www.capric.cl\/nuestro-equipo\/#breadcrumb"},"inLanguage":"en-US","potentialAction":[{"@type":"ReadAction","target":["https:\/\/www.capric.cl\/nuestro-equipo\/"]}]},{"@type":"ImageObject","inLanguage":"en-US","@id":"https:\/\/www.capric.cl\/nuestro-equipo\/#primaryimage","url":"https:\/\/www.capric.cl\/wp-content\/uploads\/2022\/08\/joseluis.png","contentUrl":"https:\/\/www.capric.cl\/wp-content\/uploads\/2022\/08\/joseluis.png"},{"@type":"BreadcrumbList","@id":"https:\/\/www.capric.cl\/nuestro-equipo\/#breadcrumb","itemListElement":[{"@type":"ListItem","position":1,"name":"Portada","item":"https:\/\/www.capric.cl\/"},{"@type":"ListItem","position":2,"name":"Nuestro equipo"}]},{"@type":"WebSite","@id":"https:\/\/www.capric.cl\/#website","url":"https:\/\/www.capric.cl\/","name":"CAPRICORNIO","description":"Estrategias sustentables","publisher":{"@id":"https:\/\/www.capric.cl\/#organization"},"potentialAction":[{"@type":"SearchAction","target":{"@type":"EntryPoint","urlTemplate":"https:\/\/www.capric.cl\/?s={search_term_string}"},"query-input":{"@type":"PropertyValueSpecification","valueRequired":true,"valueName":"search_term_string"}}],"inLanguage":"en-US"},{"@type":"Organization","@id":"https:\/\/www.capric.cl\/#organization","name":"CAPRICORNIO","url":"https:\/\/www.capric.cl\/","logo":{"@type":"ImageObject","inLanguage":"en-US","@id":"https:\/\/www.capric.cl\/#\/schema\/logo\/image\/","url":"https:\/\/www.capric.cl\/wp-content\/uploads\/2022\/08\/Logo_capric_def.jpg","contentUrl":"https:\/\/www.capric.cl\/wp-content\/uploads\/2022\/08\/Logo_capric_def.jpg","width":250,"height":89,"caption":"CAPRICORNIO"},"image":{"@id":"https:\/\/www.capric.cl\/#\/schema\/logo\/image\/"},"sameAs":["https:\/\/www.facebook.com\/Capric.cl\/","https:\/\/www.linkedin.com\/company\/capric\/about\/"]}]}},"_links":{"self":[{"href":"https:\/\/www.capric.cl\/en\/wp-json\/wp\/v2\/pages\/11","targetHints":{"allow":["GET"]}}],"collection":[{"href":"https:\/\/www.capric.cl\/en\/wp-json\/wp\/v2\/pages"}],"about":[{"href":"https:\/\/www.capric.cl\/en\/wp-json\/wp\/v2\/types\/page"}],"author":[{"embeddable":true,"href":"https:\/\/www.capric.cl\/en\/wp-json\/wp\/v2\/users\/1"}],"replies":[{"embeddable":true,"href":"https:\/\/www.capric.cl\/en\/wp-json\/wp\/v2\/comments?post=11"}],"version-history":[{"count":0,"href":"https:\/\/www.capric.cl\/en\/wp-json\/wp\/v2\/pages\/11\/revisions"}],"wp:attachment":[{"href":"https:\/\/www.capric.cl\/en\/wp-json\/wp\/v2\/media?parent=11"}],"curies":[{"name":"wp","href":"https:\/\/api.w.org\/{rel}","templated":true}]}}